{"id":23574,"date":"2023-07-01T13:01:06","date_gmt":"2023-07-01T14:01:06","guid":{"rendered":"https:\/\/oragarden.de\/product\/hoogeveen-cortaderia-selloana-evita-60-cm-o19-cm\/"},"modified":"2025-10-24T13:13:32","modified_gmt":"2025-10-24T14:13:32","slug":"hoogeveen-cortaderia-selloana-evita-60-cm-o19-cm","status":"publish","type":"product","link":"https:\/\/oragarden.de\/en\/product\/hoogeveen-cortaderia-selloana-evita-60-cm-o19-cm\/","title":{"rendered":"Hoogeveen Cortaderia Selloana &#8216;Evita&#8217; &#8211; 60 cm, \u00d819 cm"},"content":{"rendered":"Dieses Pampasgras wird in einem 19 cm Topf geliefert, um Ihnen den Komfort zu bieten.Die aktuelle H\u00f6he dieses Pampasgrases betr\u00e4gt etwa 50 cm, was sofortige Sch\u00f6nheit in Ihren Garten bringt.Platzieren Sie dieses Pampasgras an einem sonnigen Ort, um optimales Wachstum und Bl\u00fcte zu gew\u00e4hrleisten.Die Pflege von Pampasgras ist unglaublich einfach und macht es zu einer pflegeleichten Erg\u00e4nzung f\u00fcr Ihren Garten.Mit seinen federartigen Rispen und eleganter Statur verleiht dieses Pampasgras jeder Landschaft einen beeindruckenden Touch.","protected":false},"excerpt":{"rendered":"<p>Dieses Pampasgras wird in einem 19 cm Topf geliefert, um Ihnen den Komfort zu bieten.Die aktuelle H\u00f6he dieses Pampasgrases betr\u00e4gt etwa 50 cm, was sofortige Sch\u00f6nheit in Ihren Garten bringt.Platzieren Sie dieses Pampasgras an einem sonnigen Ort, um optimales Wachstum und Bl\u00fcte zu gew\u00e4hrleisten.Die Pflege von Pampasgras ist unglaublich einfach und macht es zu einer [&hellip;]<\/p>\n","protected":false},"author":3,"featured_media":23575,"comment_status":"closed","ping_status":"closed","template":"","meta":{"inline_featured_image":false},"pwb-brand":[4968],"product_cat":[4000,4037,5215,5218],"product_tag":[],"class_list":{"0":"post-23574","1":"product","2":"type-product","3":"status-publish","4":"has-post-thumbnail","6":"pwb-brand-hoogeveen","7":"product_cat-cat-pflanzen","8":"product_cat-cat-gartenpflanzen","9":"product_cat-cat-pampasgras-cortaderia-selloana","10":"product_cat-cat-ziergraser","12":"first","13":"outofstock","14":"sale","15":"taxable","16":"shipping-taxable","17":"purchasable","18":"product-type-simple"},"acf":[],"gtin":"4260377080135","brands":[{"id":4968,"name":"Hoogeveen","slug":"hoogeveen"}],"_links":{"self":[{"href":"https:\/\/oragarden.de\/en\/wp-json\/wp\/v2\/product\/23574","targetHints":{"allow":["GET"]}}],"collection":[{"href":"https:\/\/oragarden.de\/en\/wp-json\/wp\/v2\/product"}],"about":[{"href":"https:\/\/oragarden.de\/en\/wp-json\/wp\/v2\/types\/product"}],"author":[{"embeddable":true,"href":"https:\/\/oragarden.de\/en\/wp-json\/wp\/v2\/users\/3"}],"replies":[{"embeddable":true,"href":"https:\/\/oragarden.de\/en\/wp-json\/wp\/v2\/comments?post=23574"}],"wp:featuredmedia":[{"embeddable":true,"href":"https:\/\/oragarden.de\/en\/wp-json\/wp\/v2\/media\/23575"}],"wp:attachment":[{"href":"https:\/\/oragarden.de\/en\/wp-json\/wp\/v2\/media?parent=23574"}],"wp:term":[{"taxonomy":"pwb-brand","embeddable":true,"href":"https:\/\/oragarden.de\/en\/wp-json\/wp\/v2\/pwb-brand?post=23574"},{"taxonomy":"product_cat","embeddable":true,"href":"https:\/\/oragarden.de\/en\/wp-json\/wp\/v2\/product_cat?post=23574"},{"taxonomy":"product_tag","embeddable":true,"href":"https:\/\/oragarden.de\/en\/wp-json\/wp\/v2\/product_tag?post=23574"}],"curies":[{"name":"wp","href":"https:\/\/api.w.org\/{rel}","templated":true}]}}