{"id":23560,"date":"2023-06-30T18:52:11","date_gmt":"2023-06-30T19:52:11","guid":{"rendered":"https:\/\/oragarden.de\/product\/son-koot-nandina-dom-obsessed-10-cm-o13-cm\/"},"modified":"2025-10-24T13:13:31","modified_gmt":"2025-10-24T14:13:31","slug":"son-koot-nandina-dom-obsessed-10-cm-o13-cm","status":"publish","type":"product","link":"https:\/\/oragarden.de\/en\/product\/son-koot-nandina-dom-obsessed-10-cm-o13-cm\/","title":{"rendered":"Son &#038; Koot Nandina Dom. &#8216;Obsessed&#8217; &#8211; 10 cm, \u00d813 cm"},"content":{"rendered":"Nandina domestica Obsessed ist ein immergr\u00fcner Strauch, dessen junge Bl\u00e4tter sich im Fr\u00fchling in einem warmen Rotton zeigen. Die Sommerbl\u00e4tter sind gr\u00fcn. Im Herbst und Winter f\u00e4rben sich die Bl\u00e4tter wundervoll purpurrot. Die Pflanze ist auch als Himmlischer Bambus bekannt, hat aber mit der Bambuspflanze nichts zu tun. Diese Nandina w\u00e4chst sch\u00f6n kompakt und wird etwa 60 cm hoch und breit. R\u00fcckschnitt bei Bedarf, aber nicht erforderlich. Ist gut winterhart, kann bei strengem Frost allerdings einige Bl\u00e4tter verlieren. Gedeiht auf jedem Boden, der nicht zu Staun\u00e4sse neigt. Sortenrechtlich gesch\u00fctzt Nr. EU 36059, Vermehrung verboten!","protected":false},"excerpt":{"rendered":"<p>Nandina domestica Obsessed ist ein immergr\u00fcner Strauch, dessen junge Bl\u00e4tter sich im Fr\u00fchling in einem warmen Rotton zeigen. Die Sommerbl\u00e4tter sind gr\u00fcn. Im Herbst und Winter f\u00e4rben sich die Bl\u00e4tter wundervoll purpurrot. Die Pflanze ist auch als Himmlischer Bambus bekannt, hat aber mit der Bambuspflanze nichts zu tun. Diese Nandina w\u00e4chst sch\u00f6n kompakt und wird [&hellip;]<\/p>\n","protected":false},"author":3,"featured_media":23561,"comment_status":"closed","ping_status":"closed","template":"","meta":{"inline_featured_image":false},"pwb-brand":[4932],"product_cat":[4000,4037,5206],"product_tag":[],"class_list":{"0":"post-23560","1":"product","2":"type-product","3":"status-publish","4":"has-post-thumbnail","6":"pwb-brand-son-koot","7":"product_cat-cat-pflanzen","8":"product_cat-cat-gartenpflanzen","9":"product_cat-cat-himmelsbambus-nandina-domestica","11":"first","12":"outofstock","13":"sale","14":"taxable","15":"shipping-taxable","16":"purchasable","17":"product-type-simple"},"acf":[],"gtin":"8719325582192","brands":[{"id":4932,"name":"Son &amp; Koot","slug":"son-koot"}],"_links":{"self":[{"href":"https:\/\/oragarden.de\/en\/wp-json\/wp\/v2\/product\/23560","targetHints":{"allow":["GET"]}}],"collection":[{"href":"https:\/\/oragarden.de\/en\/wp-json\/wp\/v2\/product"}],"about":[{"href":"https:\/\/oragarden.de\/en\/wp-json\/wp\/v2\/types\/product"}],"author":[{"embeddable":true,"href":"https:\/\/oragarden.de\/en\/wp-json\/wp\/v2\/users\/3"}],"replies":[{"embeddable":true,"href":"https:\/\/oragarden.de\/en\/wp-json\/wp\/v2\/comments?post=23560"}],"wp:featuredmedia":[{"embeddable":true,"href":"https:\/\/oragarden.de\/en\/wp-json\/wp\/v2\/media\/23561"}],"wp:attachment":[{"href":"https:\/\/oragarden.de\/en\/wp-json\/wp\/v2\/media?parent=23560"}],"wp:term":[{"taxonomy":"pwb-brand","embeddable":true,"href":"https:\/\/oragarden.de\/en\/wp-json\/wp\/v2\/pwb-brand?post=23560"},{"taxonomy":"product_cat","embeddable":true,"href":"https:\/\/oragarden.de\/en\/wp-json\/wp\/v2\/product_cat?post=23560"},{"taxonomy":"product_tag","embeddable":true,"href":"https:\/\/oragarden.de\/en\/wp-json\/wp\/v2\/product_tag?post=23560"}],"curies":[{"name":"wp","href":"https:\/\/api.w.org\/{rel}","templated":true}]}}