{"id":23536,"date":"2023-06-30T18:49:47","date_gmt":"2023-06-30T19:49:47","guid":{"rendered":"https:\/\/oragarden.de\/product\/hoogeveen-fargesia-robusta-pingwu-40-cm-o14-cm\/"},"modified":"2025-10-24T13:13:27","modified_gmt":"2025-10-24T14:13:27","slug":"hoogeveen-fargesia-robusta-pingwu-40-cm-o14-cm","status":"publish","type":"product","link":"https:\/\/oragarden.de\/en\/product\/hoogeveen-fargesia-robusta-pingwu-40-cm-o14-cm\/","title":{"rendered":"Hoogeveen Fargesia Robusta &#8216;Pingwu&#8217; &#8211; 40 cm, \u00d814 cm"},"content":{"rendered":"Die Fargesia Robusta &#8220;Pingwu&#8221; ist ein nicht -proliferatierender Bambus mit buschigem und steigendem Wachstum. Dieser Bambus ist im Garten als immergr\u00fcne Hecke geeignet, aber auch in einem gro\u00dfen Topf oder Beh\u00e4lter. Der Bambus w\u00e4chst schnell und w\u00e4chst durchschnittlich 40 bis 60 cm pro Jahr. Es ist eine wundersch\u00f6ne Fargesia -Art mit wei\u00dfen\/gelben Deckbl\u00e4ttern und tiefen gr\u00fcnen Stielen, die einen tiefen Kontrast verleihen.","protected":false},"excerpt":{"rendered":"<p>Die Fargesia Robusta &#8220;Pingwu&#8221; ist ein nicht -proliferatierender Bambus mit buschigem und steigendem Wachstum. Dieser Bambus ist im Garten als immergr\u00fcne Hecke geeignet, aber auch in einem gro\u00dfen Topf oder Beh\u00e4lter. Der Bambus w\u00e4chst schnell und w\u00e4chst durchschnittlich 40 bis 60 cm pro Jahr. Es ist eine wundersch\u00f6ne Fargesia -Art mit wei\u00dfen\/gelben Deckbl\u00e4ttern und tiefen [&hellip;]<\/p>\n","protected":false},"author":3,"featured_media":23537,"comment_status":"closed","ping_status":"closed","template":"","meta":{"inline_featured_image":false},"pwb-brand":[4968],"product_cat":[4000,5143,4037,5218],"product_tag":[],"class_list":{"0":"post-23536","1":"product","2":"type-product","3":"status-publish","4":"has-post-thumbnail","6":"pwb-brand-hoogeveen","7":"product_cat-cat-pflanzen","8":"product_cat-cat-bambus-fargesia","9":"product_cat-cat-gartenpflanzen","10":"product_cat-cat-ziergraser","12":"first","13":"outofstock","14":"sale","15":"taxable","16":"shipping-taxable","17":"purchasable","18":"product-type-simple"},"acf":[],"gtin":"8718531417861","brands":[{"id":4968,"name":"Hoogeveen","slug":"hoogeveen"}],"_links":{"self":[{"href":"https:\/\/oragarden.de\/en\/wp-json\/wp\/v2\/product\/23536","targetHints":{"allow":["GET"]}}],"collection":[{"href":"https:\/\/oragarden.de\/en\/wp-json\/wp\/v2\/product"}],"about":[{"href":"https:\/\/oragarden.de\/en\/wp-json\/wp\/v2\/types\/product"}],"author":[{"embeddable":true,"href":"https:\/\/oragarden.de\/en\/wp-json\/wp\/v2\/users\/3"}],"replies":[{"embeddable":true,"href":"https:\/\/oragarden.de\/en\/wp-json\/wp\/v2\/comments?post=23536"}],"wp:featuredmedia":[{"embeddable":true,"href":"https:\/\/oragarden.de\/en\/wp-json\/wp\/v2\/media\/23537"}],"wp:attachment":[{"href":"https:\/\/oragarden.de\/en\/wp-json\/wp\/v2\/media?parent=23536"}],"wp:term":[{"taxonomy":"pwb-brand","embeddable":true,"href":"https:\/\/oragarden.de\/en\/wp-json\/wp\/v2\/pwb-brand?post=23536"},{"taxonomy":"product_cat","embeddable":true,"href":"https:\/\/oragarden.de\/en\/wp-json\/wp\/v2\/product_cat?post=23536"},{"taxonomy":"product_tag","embeddable":true,"href":"https:\/\/oragarden.de\/en\/wp-json\/wp\/v2\/product_tag?post=23536"}],"curies":[{"name":"wp","href":"https:\/\/api.w.org\/{rel}","templated":true}]}}