{"id":23499,"date":"2023-06-30T18:47:25","date_gmt":"2023-06-30T19:47:25","guid":{"rendered":"https:\/\/oragarden.de\/product\/hoogeveen-fargesia-rufa-60-cm-o19-cm\/"},"modified":"2025-10-24T13:13:26","modified_gmt":"2025-10-24T14:13:26","slug":"hoogeveen-fargesia-rufa-60-cm-o19-cm","status":"publish","type":"product","link":"https:\/\/oragarden.de\/en\/product\/hoogeveen-fargesia-rufa-60-cm-o19-cm\/","title":{"rendered":"Hoogeveen Fargesia Rufa &#8211; 60 cm, \u00d819 cm"},"content":{"rendered":"Die &#8220;Fargesia fufa&#8221; hat das gute Merkmal, nicht zu wachsen, bleibt kompakt und wird durchschnittlich 1,5 bis 2 Meter hoch. Es ist ein sch\u00f6ner Bambus, um in einem Teil des Gartens mit ein paar hohen Pflanzen zu platzieren, zum Beispiel mit einem Teich. Die &#8220;Fargesia fufa&#8221; kann auch in eine Wanne, als Trennung oder auf einem Balkon gelegt werden. Mit seinen hellgr\u00fcn gl\u00e4nzenden Bl\u00e4ttern bringt es die Atmosph\u00e4re in Ihren Garten!","protected":false},"excerpt":{"rendered":"<p>Die &#8220;Fargesia fufa&#8221; hat das gute Merkmal, nicht zu wachsen, bleibt kompakt und wird durchschnittlich 1,5 bis 2 Meter hoch. Es ist ein sch\u00f6ner Bambus, um in einem Teil des Gartens mit ein paar hohen Pflanzen zu platzieren, zum Beispiel mit einem Teich. Die &#8220;Fargesia fufa&#8221; kann auch in eine Wanne, als Trennung oder auf [&hellip;]<\/p>\n","protected":false},"author":3,"featured_media":23500,"comment_status":"closed","ping_status":"closed","template":"","meta":{"inline_featured_image":false},"pwb-brand":[4968],"product_cat":[4000,5143,4037,5218],"product_tag":[],"class_list":{"0":"post-23499","1":"product","2":"type-product","3":"status-publish","4":"has-post-thumbnail","6":"pwb-brand-hoogeveen","7":"product_cat-cat-pflanzen","8":"product_cat-cat-bambus-fargesia","9":"product_cat-cat-gartenpflanzen","10":"product_cat-cat-ziergraser","12":"first","13":"outofstock","14":"sale","15":"taxable","16":"shipping-taxable","17":"purchasable","18":"product-type-simple"},"acf":[],"gtin":"8718531418264","brands":[{"id":4968,"name":"Hoogeveen","slug":"hoogeveen"}],"_links":{"self":[{"href":"https:\/\/oragarden.de\/en\/wp-json\/wp\/v2\/product\/23499","targetHints":{"allow":["GET"]}}],"collection":[{"href":"https:\/\/oragarden.de\/en\/wp-json\/wp\/v2\/product"}],"about":[{"href":"https:\/\/oragarden.de\/en\/wp-json\/wp\/v2\/types\/product"}],"author":[{"embeddable":true,"href":"https:\/\/oragarden.de\/en\/wp-json\/wp\/v2\/users\/3"}],"replies":[{"embeddable":true,"href":"https:\/\/oragarden.de\/en\/wp-json\/wp\/v2\/comments?post=23499"}],"wp:featuredmedia":[{"embeddable":true,"href":"https:\/\/oragarden.de\/en\/wp-json\/wp\/v2\/media\/23500"}],"wp:attachment":[{"href":"https:\/\/oragarden.de\/en\/wp-json\/wp\/v2\/media?parent=23499"}],"wp:term":[{"taxonomy":"pwb-brand","embeddable":true,"href":"https:\/\/oragarden.de\/en\/wp-json\/wp\/v2\/pwb-brand?post=23499"},{"taxonomy":"product_cat","embeddable":true,"href":"https:\/\/oragarden.de\/en\/wp-json\/wp\/v2\/product_cat?post=23499"},{"taxonomy":"product_tag","embeddable":true,"href":"https:\/\/oragarden.de\/en\/wp-json\/wp\/v2\/product_tag?post=23499"}],"curies":[{"name":"wp","href":"https:\/\/api.w.org\/{rel}","templated":true}]}}