{"id":23474,"date":"2023-06-30T18:45:29","date_gmt":"2023-06-30T19:45:29","guid":{"rendered":"https:\/\/oragarden.de\/product\/hoogeveen-fargesia-scabrida-asian-wonder-40-cm-o14-cm\/"},"modified":"2025-10-24T13:13:24","modified_gmt":"2025-10-24T14:13:24","slug":"hoogeveen-fargesia-scabrida-asian-wonder-40-cm-o14-cm","status":"publish","type":"product","link":"https:\/\/oragarden.de\/en\/product\/hoogeveen-fargesia-scabrida-asian-wonder-40-cm-o14-cm\/","title":{"rendered":"Hoogeveen Fargesia Scabrida &#8216;Asian Wonder&#8217; &#8211; 40 cm, \u00d814 cm"},"content":{"rendered":"Das &#8220;Fargesia Scabrida Asian Wonder&#8221;, auch als Red Bambus bekannt, ist ein leicht aufrechter Bambus, der kompakt w\u00e4chst. Das Blatt ist lang und schmal mit einer gl\u00e4nzenden, gr\u00fcnen Farbe. Ein Ort in der Sonne ist kein Problem. Je mehr Sonnenlicht die Stiele sammeln, desto r\u00f6te sie f\u00e4rben.","protected":false},"excerpt":{"rendered":"<p>Das &#8220;Fargesia Scabrida Asian Wonder&#8221;, auch als Red Bambus bekannt, ist ein leicht aufrechter Bambus, der kompakt w\u00e4chst. Das Blatt ist lang und schmal mit einer gl\u00e4nzenden, gr\u00fcnen Farbe. Ein Ort in der Sonne ist kein Problem. Je mehr Sonnenlicht die Stiele sammeln, desto r\u00f6te sie f\u00e4rben.<\/p>\n","protected":false},"author":3,"featured_media":23475,"comment_status":"closed","ping_status":"closed","template":"","meta":{"inline_featured_image":false},"pwb-brand":[4968],"product_cat":[4000,5143,4037,5218],"product_tag":[],"class_list":{"0":"post-23474","1":"product","2":"type-product","3":"status-publish","4":"has-post-thumbnail","6":"pwb-brand-hoogeveen","7":"product_cat-cat-pflanzen","8":"product_cat-cat-bambus-fargesia","9":"product_cat-cat-gartenpflanzen","10":"product_cat-cat-ziergraser","12":"first","13":"outofstock","14":"sale","15":"taxable","16":"shipping-taxable","17":"purchasable","18":"product-type-simple"},"acf":[],"gtin":"8718531417885","brands":[{"id":4968,"name":"Hoogeveen","slug":"hoogeveen"}],"_links":{"self":[{"href":"https:\/\/oragarden.de\/en\/wp-json\/wp\/v2\/product\/23474","targetHints":{"allow":["GET"]}}],"collection":[{"href":"https:\/\/oragarden.de\/en\/wp-json\/wp\/v2\/product"}],"about":[{"href":"https:\/\/oragarden.de\/en\/wp-json\/wp\/v2\/types\/product"}],"author":[{"embeddable":true,"href":"https:\/\/oragarden.de\/en\/wp-json\/wp\/v2\/users\/3"}],"replies":[{"embeddable":true,"href":"https:\/\/oragarden.de\/en\/wp-json\/wp\/v2\/comments?post=23474"}],"wp:featuredmedia":[{"embeddable":true,"href":"https:\/\/oragarden.de\/en\/wp-json\/wp\/v2\/media\/23475"}],"wp:attachment":[{"href":"https:\/\/oragarden.de\/en\/wp-json\/wp\/v2\/media?parent=23474"}],"wp:term":[{"taxonomy":"pwb-brand","embeddable":true,"href":"https:\/\/oragarden.de\/en\/wp-json\/wp\/v2\/pwb-brand?post=23474"},{"taxonomy":"product_cat","embeddable":true,"href":"https:\/\/oragarden.de\/en\/wp-json\/wp\/v2\/product_cat?post=23474"},{"taxonomy":"product_tag","embeddable":true,"href":"https:\/\/oragarden.de\/en\/wp-json\/wp\/v2\/product_tag?post=23474"}],"curies":[{"name":"wp","href":"https:\/\/api.w.org\/{rel}","templated":true}]}}