{"id":23327,"date":"2023-06-30T18:22:55","date_gmt":"2023-06-30T19:22:55","guid":{"rendered":"https:\/\/oragarden.de\/product\/son-koot-acer-palm-wilsons-pink-dwarf-40-cm-o19-cm\/"},"modified":"2025-10-24T13:13:08","modified_gmt":"2025-10-24T14:13:08","slug":"son-koot-acer-palm-wilsons-pink-dwarf-40-cm-o19-cm","status":"publish","type":"product","link":"https:\/\/oragarden.de\/en\/product\/son-koot-acer-palm-wilsons-pink-dwarf-40-cm-o19-cm\/","title":{"rendered":"Son &#038; Koot Acer Palm. &#8216;Wilson&#8217;s Pink Dwarf&#8217; &#8211; 40 cm, \u00d819 cm"},"content":{"rendered":"Dieser herrliche japanische Ahorn ist eine Zierde f\u00fcr jeden Garten, er steht aber auch sehr gut in einem Topf oder Pflanzbecken auf der Terrasse oder dem Balkon. Diese Pflanze bildet einen dicht verzweigten, aufstrebenden Strauch mit einem eingeschnittenen Blatt, das im Fr\u00fchjahr wundersch\u00f6n rosa und im Sommer\r\ngr\u00fcn ist. Die jungen Triebspitzen sind rot-braun und geben einen sch\u00f6nen Kontrast. Die Herbstfarbe ist herrlich. H\u00f6he 125 cm, Breite 100 cm. Lange Triebe m\u00fcssen f\u00fcr einen dichten Wuchs im M\u00e4rz geschnitten werden. Vertr\u00e4gt Sonne und Schatten. Die Pflanze ist winterhart, im Topf muss sie jedoch gesch\u00fctzt werden. Liebt einen sandigen, humusreichen Boden, falls nicht vorhanden, etwas Gartentorf in das Pflanzloch geben.","protected":false},"excerpt":{"rendered":"<p>Dieser herrliche japanische Ahorn ist eine Zierde f\u00fcr jeden Garten, er steht aber auch sehr gut in einem Topf oder Pflanzbecken auf der Terrasse oder dem Balkon. Diese Pflanze bildet einen dicht verzweigten, aufstrebenden Strauch mit einem eingeschnittenen Blatt, das im Fr\u00fchjahr wundersch\u00f6n rosa und im Sommer gr\u00fcn ist. Die jungen Triebspitzen sind rot-braun und [&hellip;]<\/p>\n","protected":false},"author":3,"featured_media":23328,"comment_status":"closed","ping_status":"closed","template":"","meta":{"inline_featured_image":false},"pwb-brand":[4932],"product_cat":[4000,5208,4931,4037],"product_tag":[],"class_list":{"0":"post-23327","1":"product","2":"type-product","3":"status-publish","4":"has-post-thumbnail","6":"pwb-brand-son-koot","7":"product_cat-cat-pflanzen","8":"product_cat-cat-ahornbaume-acer","9":"product_cat-cat-facherahorne-acer-palmatum","10":"product_cat-cat-gartenpflanzen","12":"first","13":"outofstock","14":"sale","15":"taxable","16":"shipping-taxable","17":"purchasable","18":"product-type-simple"},"acf":[],"gtin":"8718182410778","brands":[{"id":4932,"name":"Son &amp; Koot","slug":"son-koot"}],"_links":{"self":[{"href":"https:\/\/oragarden.de\/en\/wp-json\/wp\/v2\/product\/23327","targetHints":{"allow":["GET"]}}],"collection":[{"href":"https:\/\/oragarden.de\/en\/wp-json\/wp\/v2\/product"}],"about":[{"href":"https:\/\/oragarden.de\/en\/wp-json\/wp\/v2\/types\/product"}],"author":[{"embeddable":true,"href":"https:\/\/oragarden.de\/en\/wp-json\/wp\/v2\/users\/3"}],"replies":[{"embeddable":true,"href":"https:\/\/oragarden.de\/en\/wp-json\/wp\/v2\/comments?post=23327"}],"wp:featuredmedia":[{"embeddable":true,"href":"https:\/\/oragarden.de\/en\/wp-json\/wp\/v2\/media\/23328"}],"wp:attachment":[{"href":"https:\/\/oragarden.de\/en\/wp-json\/wp\/v2\/media?parent=23327"}],"wp:term":[{"taxonomy":"pwb-brand","embeddable":true,"href":"https:\/\/oragarden.de\/en\/wp-json\/wp\/v2\/pwb-brand?post=23327"},{"taxonomy":"product_cat","embeddable":true,"href":"https:\/\/oragarden.de\/en\/wp-json\/wp\/v2\/product_cat?post=23327"},{"taxonomy":"product_tag","embeddable":true,"href":"https:\/\/oragarden.de\/en\/wp-json\/wp\/v2\/product_tag?post=23327"}],"curies":[{"name":"wp","href":"https:\/\/api.w.org\/{rel}","templated":true}]}}