{"id":23203,"date":"2023-06-30T18:10:51","date_gmt":"2023-06-30T19:10:51","guid":{"rendered":"https:\/\/oragarden.de\/product\/hoogeveen-panicum-virgatum-cheyenne-sky-50-cm-o19-cm\/"},"modified":"2025-10-24T13:12:55","modified_gmt":"2025-10-24T14:12:55","slug":"hoogeveen-panicum-virgatum-cheyenne-sky-50-cm-o19-cm","status":"publish","type":"product","link":"https:\/\/oragarden.de\/en\/product\/hoogeveen-panicum-virgatum-cheyenne-sky-50-cm-o19-cm\/","title":{"rendered":"Hoogeveen Panicum Virgatum &#8216;Cheyenne Sky &#8211; 50 cm, \u00d819 cm"},"content":{"rendered":"Der &#8220;Panicum virgatum Cheyenne Sky&#8221; ist eine kompakte Grasspezies mit einem Schlagblatt, diese sind schmal und \u00fcberh\u00e4ngend. Blaugr\u00fcne Bl\u00e4tter erscheinen im sp\u00e4ten Fr\u00fchling. Gegen Ende des Sommers verf\u00e4rben sich die Bl\u00e4tter von graugr\u00fcn bis tiefrot. Die Bl\u00fcte erfolgt im Sp\u00e4tsommer mit duftbraunen Federn mit einem rosa Gl\u00fchen.","protected":false},"excerpt":{"rendered":"<p>Der &#8220;Panicum virgatum Cheyenne Sky&#8221; ist eine kompakte Grasspezies mit einem Schlagblatt, diese sind schmal und \u00fcberh\u00e4ngend. Blaugr\u00fcne Bl\u00e4tter erscheinen im sp\u00e4ten Fr\u00fchling. Gegen Ende des Sommers verf\u00e4rben sich die Bl\u00e4tter von graugr\u00fcn bis tiefrot. Die Bl\u00fcte erfolgt im Sp\u00e4tsommer mit duftbraunen Federn mit einem rosa Gl\u00fchen.<\/p>\n","protected":false},"author":3,"featured_media":23204,"comment_status":"closed","ping_status":"closed","template":"","meta":{"inline_featured_image":false},"pwb-brand":[4968],"product_cat":[4000,4037,5197,5218],"product_tag":[],"class_list":{"0":"post-23203","1":"product","2":"type-product","3":"status-publish","4":"has-post-thumbnail","6":"pwb-brand-hoogeveen","7":"product_cat-cat-pflanzen","8":"product_cat-cat-gartenpflanzen","9":"product_cat-cat-rutenhirse-panicum-virgatum","10":"product_cat-cat-ziergraser","12":"first","13":"outofstock","14":"sale","15":"taxable","16":"shipping-taxable","17":"purchasable","18":"product-type-simple"},"acf":[],"gtin":"4260377080395","brands":[{"id":4968,"name":"Hoogeveen","slug":"hoogeveen"}],"_links":{"self":[{"href":"https:\/\/oragarden.de\/en\/wp-json\/wp\/v2\/product\/23203","targetHints":{"allow":["GET"]}}],"collection":[{"href":"https:\/\/oragarden.de\/en\/wp-json\/wp\/v2\/product"}],"about":[{"href":"https:\/\/oragarden.de\/en\/wp-json\/wp\/v2\/types\/product"}],"author":[{"embeddable":true,"href":"https:\/\/oragarden.de\/en\/wp-json\/wp\/v2\/users\/3"}],"replies":[{"embeddable":true,"href":"https:\/\/oragarden.de\/en\/wp-json\/wp\/v2\/comments?post=23203"}],"wp:featuredmedia":[{"embeddable":true,"href":"https:\/\/oragarden.de\/en\/wp-json\/wp\/v2\/media\/23204"}],"wp:attachment":[{"href":"https:\/\/oragarden.de\/en\/wp-json\/wp\/v2\/media?parent=23203"}],"wp:term":[{"taxonomy":"pwb-brand","embeddable":true,"href":"https:\/\/oragarden.de\/en\/wp-json\/wp\/v2\/pwb-brand?post=23203"},{"taxonomy":"product_cat","embeddable":true,"href":"https:\/\/oragarden.de\/en\/wp-json\/wp\/v2\/product_cat?post=23203"},{"taxonomy":"product_tag","embeddable":true,"href":"https:\/\/oragarden.de\/en\/wp-json\/wp\/v2\/product_tag?post=23203"}],"curies":[{"name":"wp","href":"https:\/\/api.w.org\/{rel}","templated":true}]}}