{"id":23197,"date":"2023-06-30T18:10:23","date_gmt":"2023-06-30T19:10:23","guid":{"rendered":"https:\/\/oragarden.de\/product\/hoogeveen-panicum-virgatum-prairie-sky-50-cm-o19-cm\/"},"modified":"2025-10-24T13:12:54","modified_gmt":"2025-10-24T14:12:54","slug":"hoogeveen-panicum-virgatum-prairie-sky-50-cm-o19-cm","status":"publish","type":"product","link":"https:\/\/oragarden.de\/en\/product\/hoogeveen-panicum-virgatum-prairie-sky-50-cm-o19-cm\/","title":{"rendered":"Hoogeveen Panicum Virgatum &#8216;Prairie Sky&#8217; &#8211; 50 cm, \u00d819 cm"},"content":{"rendered":"Prairie Sky &#8216;ist ein lauter Mehrjahresgras von bis zu 1,5 m hoch mit flachen, schmalen, lancet -fischten, blauen Bl\u00e4ttern vom Fr\u00fchling bis zum Sommer, die im Herbst orangefarben werden. Im fr\u00fchen Herbstwinter werden h\u00e4ngende verzweigte Federn aus kleinen blau -gr\u00fcn -st\u00e4mmen getragen.","protected":false},"excerpt":{"rendered":"<p>Prairie Sky &#8216;ist ein lauter Mehrjahresgras von bis zu 1,5 m hoch mit flachen, schmalen, lancet -fischten, blauen Bl\u00e4ttern vom Fr\u00fchling bis zum Sommer, die im Herbst orangefarben werden. Im fr\u00fchen Herbstwinter werden h\u00e4ngende verzweigte Federn aus kleinen blau -gr\u00fcn -st\u00e4mmen getragen.<\/p>\n","protected":false},"author":3,"featured_media":23198,"comment_status":"closed","ping_status":"closed","template":"","meta":{"inline_featured_image":false},"pwb-brand":[4968],"product_cat":[4000,4037,5197,5218],"product_tag":[],"class_list":{"0":"post-23197","1":"product","2":"type-product","3":"status-publish","4":"has-post-thumbnail","6":"pwb-brand-hoogeveen","7":"product_cat-cat-pflanzen","8":"product_cat-cat-gartenpflanzen","9":"product_cat-cat-rutenhirse-panicum-virgatum","10":"product_cat-cat-ziergraser","12":"first","13":"outofstock","14":"sale","15":"taxable","16":"shipping-taxable","17":"purchasable","18":"product-type-simple"},"acf":[],"gtin":"8719497268368","brands":[{"id":4968,"name":"Hoogeveen","slug":"hoogeveen"}],"_links":{"self":[{"href":"https:\/\/oragarden.de\/en\/wp-json\/wp\/v2\/product\/23197","targetHints":{"allow":["GET"]}}],"collection":[{"href":"https:\/\/oragarden.de\/en\/wp-json\/wp\/v2\/product"}],"about":[{"href":"https:\/\/oragarden.de\/en\/wp-json\/wp\/v2\/types\/product"}],"author":[{"embeddable":true,"href":"https:\/\/oragarden.de\/en\/wp-json\/wp\/v2\/users\/3"}],"replies":[{"embeddable":true,"href":"https:\/\/oragarden.de\/en\/wp-json\/wp\/v2\/comments?post=23197"}],"wp:featuredmedia":[{"embeddable":true,"href":"https:\/\/oragarden.de\/en\/wp-json\/wp\/v2\/media\/23198"}],"wp:attachment":[{"href":"https:\/\/oragarden.de\/en\/wp-json\/wp\/v2\/media?parent=23197"}],"wp:term":[{"taxonomy":"pwb-brand","embeddable":true,"href":"https:\/\/oragarden.de\/en\/wp-json\/wp\/v2\/pwb-brand?post=23197"},{"taxonomy":"product_cat","embeddable":true,"href":"https:\/\/oragarden.de\/en\/wp-json\/wp\/v2\/product_cat?post=23197"},{"taxonomy":"product_tag","embeddable":true,"href":"https:\/\/oragarden.de\/en\/wp-json\/wp\/v2\/product_tag?post=23197"}],"curies":[{"name":"wp","href":"https:\/\/api.w.org\/{rel}","templated":true}]}}