{"id":23181,"date":"2023-06-30T18:09:24","date_gmt":"2023-06-30T19:09:24","guid":{"rendered":"https:\/\/oragarden.de\/product\/hoogeveen-imperata-cylindrica-red-baron-40-cm-o14-cm\/"},"modified":"2025-10-24T13:12:54","modified_gmt":"2025-10-24T14:12:54","slug":"hoogeveen-imperata-cylindrica-red-baron-40-cm-o14-cm","status":"publish","type":"product","link":"https:\/\/oragarden.de\/en\/product\/hoogeveen-imperata-cylindrica-red-baron-40-cm-o14-cm\/","title":{"rendered":"Hoogeveen Imperata Cylindrica &#8216;Red Baron&#8217; &#8211; 40 cm, \u00d814 cm"},"content":{"rendered":"Imperata Cylindrica &#8220;Red Baron&#8221;, Syn. &#8220;Rubra&#8221;, als japanisches Blutgras bezeichnet, ist eine dekorative Laubgrasarten mit einem starren Wachstum und einem lockeren polformierenden Habitus. Die schmalen linearen Bl\u00e4tter sind frisch gr\u00fcn und werden dann im Sommer feurig rot. Die Bl\u00fcte ist in Europa selten etabliert. In der japanischen Blutgras der anderen Region von Juli bis August mit silbergrauen Blume argumentiert. Imperata Cylindrica &#8220;Red Baron&#8221; liebt einen sonnigen und gesch\u00fctzten Ort in einem gut vergleichbaren Boden. Dieses Gras ist gut d\u00fcrretolerant, ziemlich min\u00fctig, toleriert, toleriert, toleriert tolerant, tolerant, toleriert Meereswind- und Luftverschmutzung und eine spezielle Akzentanlage f\u00fcr die Verwendung in der Grenze.","protected":false},"excerpt":{"rendered":"<p>Imperata Cylindrica &#8220;Red Baron&#8221;, Syn. &#8220;Rubra&#8221;, als japanisches Blutgras bezeichnet, ist eine dekorative Laubgrasarten mit einem starren Wachstum und einem lockeren polformierenden Habitus. Die schmalen linearen Bl\u00e4tter sind frisch gr\u00fcn und werden dann im Sommer feurig rot. Die Bl\u00fcte ist in Europa selten etabliert. In der japanischen Blutgras der anderen Region von Juli bis August [&hellip;]<\/p>\n","protected":false},"author":3,"featured_media":23182,"comment_status":"closed","ping_status":"closed","template":"","meta":{"inline_featured_image":false},"pwb-brand":[4968],"product_cat":[4000,4037,5183,5218],"product_tag":[],"class_list":{"0":"post-23181","1":"product","2":"type-product","3":"status-publish","4":"has-post-thumbnail","6":"pwb-brand-hoogeveen","7":"product_cat-cat-pflanzen","8":"product_cat-cat-gartenpflanzen","9":"product_cat-cat-japanisches-blutgras-imperata-cylindrica","10":"product_cat-cat-ziergraser","12":"first","13":"outofstock","14":"sale","15":"taxable","16":"shipping-taxable","17":"purchasable","18":"product-type-simple"},"acf":[],"gtin":"4260377082184","brands":[{"id":4968,"name":"Hoogeveen","slug":"hoogeveen"}],"_links":{"self":[{"href":"https:\/\/oragarden.de\/en\/wp-json\/wp\/v2\/product\/23181","targetHints":{"allow":["GET"]}}],"collection":[{"href":"https:\/\/oragarden.de\/en\/wp-json\/wp\/v2\/product"}],"about":[{"href":"https:\/\/oragarden.de\/en\/wp-json\/wp\/v2\/types\/product"}],"author":[{"embeddable":true,"href":"https:\/\/oragarden.de\/en\/wp-json\/wp\/v2\/users\/3"}],"replies":[{"embeddable":true,"href":"https:\/\/oragarden.de\/en\/wp-json\/wp\/v2\/comments?post=23181"}],"wp:featuredmedia":[{"embeddable":true,"href":"https:\/\/oragarden.de\/en\/wp-json\/wp\/v2\/media\/23182"}],"wp:attachment":[{"href":"https:\/\/oragarden.de\/en\/wp-json\/wp\/v2\/media?parent=23181"}],"wp:term":[{"taxonomy":"pwb-brand","embeddable":true,"href":"https:\/\/oragarden.de\/en\/wp-json\/wp\/v2\/pwb-brand?post=23181"},{"taxonomy":"product_cat","embeddable":true,"href":"https:\/\/oragarden.de\/en\/wp-json\/wp\/v2\/product_cat?post=23181"},{"taxonomy":"product_tag","embeddable":true,"href":"https:\/\/oragarden.de\/en\/wp-json\/wp\/v2\/product_tag?post=23181"}],"curies":[{"name":"wp","href":"https:\/\/api.w.org\/{rel}","templated":true}]}}