{"id":23174,"date":"2023-06-14T13:44:05","date_gmt":"2023-06-14T14:44:05","guid":{"rendered":"https:\/\/oragarden.de\/product\/green-boutiq-kunstpflanze-nephrolepis-exaltata-boston-farn-55-cm\/"},"modified":"2025-10-24T13:12:53","modified_gmt":"2025-10-24T14:12:53","slug":"green-boutiq-kunstpflanze-nephrolepis-exaltata-boston-farn-55-cm","status":"publish","type":"product","link":"https:\/\/oragarden.de\/en\/product\/green-boutiq-kunstpflanze-nephrolepis-exaltata-boston-farn-55-cm\/","title":{"rendered":"Green Boutiq Kunstpflanze Nephrolepis Exaltata (Boston Farn) 55 cm"},"content":{"rendered":"<h2>Die Kunstpflanze Nephrolepis Exaltata kann \u00fcberall platziert werden<\/h2>\n\n<p>Dieser k\u00fcnstliche farn bringt Leben in jeden Raum. Ein echter Farn ben\u00f6tigt bestimmte Bedingungen wie eine ausreichende Feuchtigkeit und sollte nicht in direktem Sonnenlicht stehen. Doch dieser k\u00fcnstliche Farn kann problemlos an jedem Ort platziert werden. Die Nephrolepis Exaltata ist eine beliebte Farnart in Europa, die 1894 entdeckt wurde als sie Teil einer Lieferung aus Boston war. Der Name Boston Farn kommt von dieser Entdeckung. Die k\u00fcnstliche Boston Farn ist auch in einer gr\u00f6\u00dferen \/ kleineren Gr\u00f6\u00dfe verf\u00fcgbar.<\/p>\n\n<h2>Ein gr\u00fcnes Interieur mit Kunstpflanzen<\/h2>\n\n<p>Bringen Sie gr\u00fcne Elemente in Ihr Zuhause mit unserer wundersch\u00f6nen Auswahl an k\u00fcnstlichen Pflanzen. Genie\u00dfen Sie die nat\u00fcrliche Sch\u00f6nheit von Pflanzen, ohne den Aufwand der Pflege. Unsere hochwertigen Kunstpflanzen sind sorgf\u00e4ltig gestaltet, um realistisch auszusehen und sind kaum von echten Pflanzen zu unterscheiden. Sie behalten immer ihr frisches und lebendiges Aussehen, ohne dass Sie sie gie\u00dfen oder in die Sonne stellen m\u00fcssen. Mit unseren Kunstpflanzen schaffen Sie eine entspannte und \u00fcppige Atmosph\u00e4re in jedem Raum, das ganze Jahr \u00fcber.<\/p>","protected":false},"excerpt":{"rendered":"<p>Die Kunstpflanze Nephrolepis Exaltata kann \u00fcberall platziert werden Dieser k\u00fcnstliche farn bringt Leben in jeden Raum. Ein echter Farn ben\u00f6tigt bestimmte Bedingungen wie eine ausreichende Feuchtigkeit und sollte nicht in direktem Sonnenlicht stehen. Doch dieser k\u00fcnstliche Farn kann problemlos an jedem Ort platziert werden. Die Nephrolepis Exaltata ist eine beliebte Farnart in Europa, die 1894 [&hellip;]<\/p>\n","protected":false},"author":3,"featured_media":23175,"comment_status":"closed","ping_status":"closed","template":"","meta":{"inline_featured_image":false},"pwb-brand":[4039],"product_cat":[4038],"product_tag":[],"class_list":{"0":"post-23174","1":"product","2":"type-product","3":"status-publish","4":"has-post-thumbnail","6":"pwb-brand-green-boutiq","7":"product_cat-cat-kunstpflanzen","9":"first","10":"outofstock","11":"sale","12":"taxable","13":"shipping-taxable","14":"purchasable","15":"product-type-simple"},"acf":[],"gtin":"8720872540498","brands":[{"id":4039,"name":"Green Boutiq","slug":"green-boutiq"}],"_links":{"self":[{"href":"https:\/\/oragarden.de\/en\/wp-json\/wp\/v2\/product\/23174","targetHints":{"allow":["GET"]}}],"collection":[{"href":"https:\/\/oragarden.de\/en\/wp-json\/wp\/v2\/product"}],"about":[{"href":"https:\/\/oragarden.de\/en\/wp-json\/wp\/v2\/types\/product"}],"author":[{"embeddable":true,"href":"https:\/\/oragarden.de\/en\/wp-json\/wp\/v2\/users\/3"}],"replies":[{"embeddable":true,"href":"https:\/\/oragarden.de\/en\/wp-json\/wp\/v2\/comments?post=23174"}],"wp:featuredmedia":[{"embeddable":true,"href":"https:\/\/oragarden.de\/en\/wp-json\/wp\/v2\/media\/23175"}],"wp:attachment":[{"href":"https:\/\/oragarden.de\/en\/wp-json\/wp\/v2\/media?parent=23174"}],"wp:term":[{"taxonomy":"pwb-brand","embeddable":true,"href":"https:\/\/oragarden.de\/en\/wp-json\/wp\/v2\/pwb-brand?post=23174"},{"taxonomy":"product_cat","embeddable":true,"href":"https:\/\/oragarden.de\/en\/wp-json\/wp\/v2\/product_cat?post=23174"},{"taxonomy":"product_tag","embeddable":true,"href":"https:\/\/oragarden.de\/en\/wp-json\/wp\/v2\/product_tag?post=23174"}],"curies":[{"name":"wp","href":"https:\/\/api.w.org\/{rel}","templated":true}]}}