{"id":23167,"date":"2023-06-14T13:43:46","date_gmt":"2023-06-14T14:43:46","guid":{"rendered":"https:\/\/oragarden.de\/product\/green-boutiq-kunstpflanze-nephrolepis-exaltata-boston-farn-70-cm\/"},"modified":"2025-10-24T13:12:53","modified_gmt":"2025-10-24T14:12:53","slug":"green-boutiq-kunstpflanze-nephrolepis-exaltata-boston-farn-70-cm","status":"publish","type":"product","link":"https:\/\/oragarden.de\/en\/product\/green-boutiq-kunstpflanze-nephrolepis-exaltata-boston-farn-70-cm\/","title":{"rendered":"Green Boutiq Kunstpflanze Nephrolepis Exaltata (Boston Farn) 70 cm"},"content":{"rendered":"<h2> Dieser Farn ist ein Allrounder<\/h2>\n\n<p>Dieser k\u00fcnstliche farn bringt Leben in jeden Raum. Ein echter Farn ben\u00f6tigt bestimmte Bedingungen wie eine ausreichende Feuchtigkeit und sollte nicht in direktem Sonnenlicht stehen. Doch dieser k\u00fcnstliche Farn kann problemlos an jedem Ort platziert werden. Die Nephrolepis Exaltata ist eine beliebte Farnart in Europa, die 1894 entdeckt wurde als sie Teil einer Lieferung aus Boston war. Der Name Boston Farn kommt von dieser Entdeckung. Die k\u00fcnstliche Boston Farn ist auch in einer gr\u00f6\u00dferen \/ kleineren Gr\u00f6\u00dfe verf\u00fcgbar.<\/p>\n\n<h2> Unsere Kunstpflanzen behalten ihre Farbe und Form jahrelang bei<\/h2>\n\n<p>W\u00e4hlen Sie unsere Kunstpflanzen und bringen Sie eine angenehme Atmosph\u00e4re in Ihr Zuhause. Unsere Kunstpflanzen bestehen aus hochwertigen Materialien, die gegen Verblassen und Verschlei\u00df best\u00e4ndig sind. Sie behalten ihre Farbe und Form jahrelang bei, wodurch sie eine nachhaltige und kosteneffiziente Option darstellen. Im Gegensatz zu echten Pflanzen ben\u00f6tigen Kunstpflanzen weder Wasser, D\u00fcnger noch Sonnenlicht. Daher verwelken oder sterben sie nie ab und behalten immer ihr sch\u00f6nes Aussehen. Mit Kunstpflanzen sparen Sie Zeit, Geld und M\u00fche und k\u00f6nnen dennoch ein wundersch\u00f6nes gr\u00fcnes Interieur genie\u00dfen. <\/p>","protected":false},"excerpt":{"rendered":"<p>Dieser Farn ist ein Allrounder Dieser k\u00fcnstliche farn bringt Leben in jeden Raum. Ein echter Farn ben\u00f6tigt bestimmte Bedingungen wie eine ausreichende Feuchtigkeit und sollte nicht in direktem Sonnenlicht stehen. Doch dieser k\u00fcnstliche Farn kann problemlos an jedem Ort platziert werden. Die Nephrolepis Exaltata ist eine beliebte Farnart in Europa, die 1894 entdeckt wurde als [&hellip;]<\/p>\n","protected":false},"author":3,"featured_media":23168,"comment_status":"closed","ping_status":"closed","template":"","meta":{"inline_featured_image":false},"pwb-brand":[4039],"product_cat":[4038],"product_tag":[],"class_list":{"0":"post-23167","1":"product","2":"type-product","3":"status-publish","4":"has-post-thumbnail","6":"pwb-brand-green-boutiq","7":"product_cat-cat-kunstpflanzen","9":"first","10":"outofstock","11":"sale","12":"taxable","13":"shipping-taxable","14":"purchasable","15":"product-type-simple"},"acf":[],"gtin":"8720872540504","brands":[{"id":4039,"name":"Green Boutiq","slug":"green-boutiq"}],"_links":{"self":[{"href":"https:\/\/oragarden.de\/en\/wp-json\/wp\/v2\/product\/23167","targetHints":{"allow":["GET"]}}],"collection":[{"href":"https:\/\/oragarden.de\/en\/wp-json\/wp\/v2\/product"}],"about":[{"href":"https:\/\/oragarden.de\/en\/wp-json\/wp\/v2\/types\/product"}],"author":[{"embeddable":true,"href":"https:\/\/oragarden.de\/en\/wp-json\/wp\/v2\/users\/3"}],"replies":[{"embeddable":true,"href":"https:\/\/oragarden.de\/en\/wp-json\/wp\/v2\/comments?post=23167"}],"wp:featuredmedia":[{"embeddable":true,"href":"https:\/\/oragarden.de\/en\/wp-json\/wp\/v2\/media\/23168"}],"wp:attachment":[{"href":"https:\/\/oragarden.de\/en\/wp-json\/wp\/v2\/media?parent=23167"}],"wp:term":[{"taxonomy":"pwb-brand","embeddable":true,"href":"https:\/\/oragarden.de\/en\/wp-json\/wp\/v2\/pwb-brand?post=23167"},{"taxonomy":"product_cat","embeddable":true,"href":"https:\/\/oragarden.de\/en\/wp-json\/wp\/v2\/product_cat?post=23167"},{"taxonomy":"product_tag","embeddable":true,"href":"https:\/\/oragarden.de\/en\/wp-json\/wp\/v2\/product_tag?post=23167"}],"curies":[{"name":"wp","href":"https:\/\/api.w.org\/{rel}","templated":true}]}}