{"id":23160,"date":"2023-06-14T13:43:27","date_gmt":"2023-06-14T14:43:27","guid":{"rendered":"https:\/\/oragarden.de\/product\/green-boutiq-kunstpflanze-rumohra-adiantiformis-lederfarn-150-cm\/"},"modified":"2025-10-24T13:12:52","modified_gmt":"2025-10-24T14:12:52","slug":"green-boutiq-kunstpflanze-rumohra-adiantiformis-lederfarn-150-cm","status":"publish","type":"product","link":"https:\/\/oragarden.de\/en\/product\/green-boutiq-kunstpflanze-rumohra-adiantiformis-lederfarn-150-cm\/","title":{"rendered":"Green Boutiq Kunstpflanze Rumohra Adiantiformis (Lederfarn) 150 cm"},"content":{"rendered":"<h2>Die Rumohra Adiantiformis (Lederfarn) ist eine sch\u00f6ne Kunstpflanze f\u00fcr Zuhause oder das B\u00fcro<\/h2>\n\n<p>Diese gro\u00dfe k\u00fcnstliche Farnpflanze ist eine Augenweide in jedem Raum. Der Name &#8220;Lederfarn&#8221; kommt von den dicken, lederartigen Bl\u00e4ttern. Die Zweige der Rumohra Adiantiformis werden oft in Blumenarrangements verwendet, was ihnen eine bekannte Ausstrahlung verleiht. Stellen Sie die Kunstledervare an einen attraktiven Ort, von dem Sie die langen, luftigen Stiele genie\u00dfen k\u00f6nnen. Eine ideale Pflanze f\u00fcr das B\u00fcro. Die Kunst Rumohra Adiantiformis ist auch in einer gr\u00f6\u00dferen \/ kleineren Gr\u00f6\u00dfe erh\u00e4ltlich.<\/p>\n\n<h3>Atmosph\u00e4re schaffen mit Kunstpflanzen<\/h3>\n\n<p>Entscheide dich f\u00fcr Kunstpflanzen und bring eine angenehme Atmosph\u00e4re in dein Zuhause. Unsere Kunstpflanzen bestehen aus hochwertigen Materialien, die gegen Ausbleichen und Abnutzung best\u00e4ndig sind. Sie behalten ihre Farbe und Form \u00fcber viele Jahre hinweg, was sie zu einer nachhaltigen und kosteneffektiven Wahl macht. Im Gegensatz zu echten Pflanzen ben\u00f6tigen Kunstpflanzen kein Wasser, keine N\u00e4hrstoffe oder Sonnenlicht. Das bedeutet, dass sie nicht verwelken oder absterben und immer ihr wundersch\u00f6nes Aussehen behalten. Mit Kunstpflanzen sparst du Zeit, Geld und M\u00fche, w\u00e4hrend du dennoch ein gr\u00fcnes und lebendiges Interieur genie\u00dft.<\/p>","protected":false},"excerpt":{"rendered":"<p>Die Rumohra Adiantiformis (Lederfarn) ist eine sch\u00f6ne Kunstpflanze f\u00fcr Zuhause oder das B\u00fcro Diese gro\u00dfe k\u00fcnstliche Farnpflanze ist eine Augenweide in jedem Raum. Der Name &#8220;Lederfarn&#8221; kommt von den dicken, lederartigen Bl\u00e4ttern. Die Zweige der Rumohra Adiantiformis werden oft in Blumenarrangements verwendet, was ihnen eine bekannte Ausstrahlung verleiht. Stellen Sie die Kunstledervare an einen attraktiven [&hellip;]<\/p>\n","protected":false},"author":3,"featured_media":23161,"comment_status":"closed","ping_status":"closed","template":"","meta":{"inline_featured_image":false},"pwb-brand":[4039],"product_cat":[4038],"product_tag":[],"class_list":{"0":"post-23160","1":"product","2":"type-product","3":"status-publish","4":"has-post-thumbnail","6":"pwb-brand-green-boutiq","7":"product_cat-cat-kunstpflanzen","9":"first","10":"outofstock","11":"sale","12":"taxable","13":"shipping-taxable","14":"purchasable","15":"product-type-simple"},"acf":[],"gtin":"8720872540702","brands":[{"id":4039,"name":"Green Boutiq","slug":"green-boutiq"}],"_links":{"self":[{"href":"https:\/\/oragarden.de\/en\/wp-json\/wp\/v2\/product\/23160","targetHints":{"allow":["GET"]}}],"collection":[{"href":"https:\/\/oragarden.de\/en\/wp-json\/wp\/v2\/product"}],"about":[{"href":"https:\/\/oragarden.de\/en\/wp-json\/wp\/v2\/types\/product"}],"author":[{"embeddable":true,"href":"https:\/\/oragarden.de\/en\/wp-json\/wp\/v2\/users\/3"}],"replies":[{"embeddable":true,"href":"https:\/\/oragarden.de\/en\/wp-json\/wp\/v2\/comments?post=23160"}],"wp:featuredmedia":[{"embeddable":true,"href":"https:\/\/oragarden.de\/en\/wp-json\/wp\/v2\/media\/23161"}],"wp:attachment":[{"href":"https:\/\/oragarden.de\/en\/wp-json\/wp\/v2\/media?parent=23160"}],"wp:term":[{"taxonomy":"pwb-brand","embeddable":true,"href":"https:\/\/oragarden.de\/en\/wp-json\/wp\/v2\/pwb-brand?post=23160"},{"taxonomy":"product_cat","embeddable":true,"href":"https:\/\/oragarden.de\/en\/wp-json\/wp\/v2\/product_cat?post=23160"},{"taxonomy":"product_tag","embeddable":true,"href":"https:\/\/oragarden.de\/en\/wp-json\/wp\/v2\/product_tag?post=23160"}],"curies":[{"name":"wp","href":"https:\/\/api.w.org\/{rel}","templated":true}]}}