{"id":23146,"date":"2023-06-14T13:39:19","date_gmt":"2023-06-14T14:39:19","guid":{"rendered":"https:\/\/oragarden.de\/product\/green-boutiq-kunstpflanze-staghorn-farn-geweihfarn-33-cm\/"},"modified":"2025-10-24T13:12:51","modified_gmt":"2025-10-24T14:12:51","slug":"green-boutiq-kunstpflanze-staghorn-farn-geweihfarn-33-cm","status":"publish","type":"product","link":"https:\/\/oragarden.de\/en\/product\/green-boutiq-kunstpflanze-staghorn-farn-geweihfarn-33-cm\/","title":{"rendered":"Green Boutiq Kunstpflanze Staghorn Farn (Geweihfarn) 33 cm"},"content":{"rendered":"Der Geweihfarn erh\u00e4lt seinen Namen von den charakteristischen antler\u00e4hnlichen Bl\u00e4ttern. Mit einer k\u00fcnstlichen Version dieser Pflanze bringen Sie eine sch\u00f6ne und dekorative Pflanze in Ihr Zuhause. Im freien k\u00f6nnen die Bl\u00e4tter dieses Farns bis zu einem Meter lang werden, aber die k\u00fcnstliche Version bleibt bescheiden und ben\u00f6tigt keine Pflege, abgesehen von gelegentlichen Reinigung mit einem Staubtuch. Der Staghorn Fern ist in zwei Varianten erh\u00e4ltlich.","protected":false},"excerpt":{"rendered":"<p>Der Geweihfarn erh\u00e4lt seinen Namen von den charakteristischen antler\u00e4hnlichen Bl\u00e4ttern. Mit einer k\u00fcnstlichen Version dieser Pflanze bringen Sie eine sch\u00f6ne und dekorative Pflanze in Ihr Zuhause. Im freien k\u00f6nnen die Bl\u00e4tter dieses Farns bis zu einem Meter lang werden, aber die k\u00fcnstliche Version bleibt bescheiden und ben\u00f6tigt keine Pflege, abgesehen von gelegentlichen Reinigung mit einem [&hellip;]<\/p>\n","protected":false},"author":3,"featured_media":23147,"comment_status":"closed","ping_status":"closed","template":"","meta":{"inline_featured_image":false},"pwb-brand":[4039],"product_cat":[4038],"product_tag":[],"class_list":{"0":"post-23146","1":"product","2":"type-product","3":"status-publish","4":"has-post-thumbnail","6":"pwb-brand-green-boutiq","7":"product_cat-cat-kunstpflanzen","9":"first","10":"outofstock","11":"sale","12":"taxable","13":"shipping-taxable","14":"purchasable","15":"product-type-simple"},"acf":[],"gtin":"8720872540771","brands":[{"id":4039,"name":"Green Boutiq","slug":"green-boutiq"}],"_links":{"self":[{"href":"https:\/\/oragarden.de\/en\/wp-json\/wp\/v2\/product\/23146","targetHints":{"allow":["GET"]}}],"collection":[{"href":"https:\/\/oragarden.de\/en\/wp-json\/wp\/v2\/product"}],"about":[{"href":"https:\/\/oragarden.de\/en\/wp-json\/wp\/v2\/types\/product"}],"author":[{"embeddable":true,"href":"https:\/\/oragarden.de\/en\/wp-json\/wp\/v2\/users\/3"}],"replies":[{"embeddable":true,"href":"https:\/\/oragarden.de\/en\/wp-json\/wp\/v2\/comments?post=23146"}],"wp:featuredmedia":[{"embeddable":true,"href":"https:\/\/oragarden.de\/en\/wp-json\/wp\/v2\/media\/23147"}],"wp:attachment":[{"href":"https:\/\/oragarden.de\/en\/wp-json\/wp\/v2\/media?parent=23146"}],"wp:term":[{"taxonomy":"pwb-brand","embeddable":true,"href":"https:\/\/oragarden.de\/en\/wp-json\/wp\/v2\/pwb-brand?post=23146"},{"taxonomy":"product_cat","embeddable":true,"href":"https:\/\/oragarden.de\/en\/wp-json\/wp\/v2\/product_cat?post=23146"},{"taxonomy":"product_tag","embeddable":true,"href":"https:\/\/oragarden.de\/en\/wp-json\/wp\/v2\/product_tag?post=23146"}],"curies":[{"name":"wp","href":"https:\/\/api.w.org\/{rel}","templated":true}]}}