{"id":23139,"date":"2023-06-14T13:39:01","date_gmt":"2023-06-14T14:39:01","guid":{"rendered":"https:\/\/oragarden.de\/product\/green-boutiq-kunstpflanze-staghorn-farn-geweihfarn-50-cm\/"},"modified":"2025-10-24T13:12:50","modified_gmt":"2025-10-24T14:12:50","slug":"green-boutiq-kunstpflanze-staghorn-farn-geweihfarn-50-cm","status":"publish","type":"product","link":"https:\/\/oragarden.de\/en\/product\/green-boutiq-kunstpflanze-staghorn-farn-geweihfarn-50-cm\/","title":{"rendered":"Green Boutiq Kunstpflanze Staghorn Farn (Geweihfarn) 50 cm"},"content":{"rendered":"<h2>Der Geweihfarn: Eine besondere Kunstpflanze<\/h2>\n\n<p>Der Geweihfarn erh\u00e4lt seinen Namen von den charakteristischen antler\u00e4hnlichen Bl\u00e4ttern. Mit einer k\u00fcnstlichen Version dieser Pflanze bringen Sie eine sch\u00f6ne und dekorative Pflanze in Ihr Zuhause. Im freien k\u00f6nnen die Bl\u00e4tter dieses Farns bis zu einem Meter lang werden, aber die k\u00fcnstliche Version bleibt bescheiden und ben\u00f6tigt keine Pflege, abgesehen von gelegentlichen Reinigung mit einem Staubtuch. Der Staghorn Fern ist in zwei Varianten erh\u00e4ltlich.<\/p>\n\n<h3>Kunstpflanzen strahlen \u00fcberall<\/h3>\n\n<p>Ob Sie unsere Kunstpflanzen in einem sonnigen Wohnzimmer, einer schattigen Ecke oder einem fensterlosen B\u00fcro platzieren, sie gedeihen an jedem Ort. Kunstpflanzen ben\u00f6tigen kein Sonnenlicht und k\u00f6nnen in Umgebungen gedeihen, in denen echte Pflanzen Schwierigkeiten h\u00e4tten. Schaffen Sie eine gr\u00fcne Oase in R\u00e4umen mit begrenztem Tageslicht und f\u00fcgen Sie jeder Umgebung eine lebendige Note hinzu. Mit Kunstpflanzen k\u00f6nnen Sie \u00fcberall eine gr\u00fcne Atmosph\u00e4re genie\u00dfen.<\/p>","protected":false},"excerpt":{"rendered":"<p>Der Geweihfarn: Eine besondere Kunstpflanze Der Geweihfarn erh\u00e4lt seinen Namen von den charakteristischen antler\u00e4hnlichen Bl\u00e4ttern. Mit einer k\u00fcnstlichen Version dieser Pflanze bringen Sie eine sch\u00f6ne und dekorative Pflanze in Ihr Zuhause. Im freien k\u00f6nnen die Bl\u00e4tter dieses Farns bis zu einem Meter lang werden, aber die k\u00fcnstliche Version bleibt bescheiden und ben\u00f6tigt keine Pflege, abgesehen [&hellip;]<\/p>\n","protected":false},"author":3,"featured_media":23140,"comment_status":"closed","ping_status":"closed","template":"","meta":{"inline_featured_image":false},"pwb-brand":[4039],"product_cat":[4038],"product_tag":[],"class_list":{"0":"post-23139","1":"product","2":"type-product","3":"status-publish","4":"has-post-thumbnail","6":"pwb-brand-green-boutiq","7":"product_cat-cat-kunstpflanzen","9":"first","10":"outofstock","11":"sale","12":"taxable","13":"shipping-taxable","14":"purchasable","15":"product-type-simple"},"acf":[],"gtin":"8720872540764","brands":[{"id":4039,"name":"Green Boutiq","slug":"green-boutiq"}],"_links":{"self":[{"href":"https:\/\/oragarden.de\/en\/wp-json\/wp\/v2\/product\/23139","targetHints":{"allow":["GET"]}}],"collection":[{"href":"https:\/\/oragarden.de\/en\/wp-json\/wp\/v2\/product"}],"about":[{"href":"https:\/\/oragarden.de\/en\/wp-json\/wp\/v2\/types\/product"}],"author":[{"embeddable":true,"href":"https:\/\/oragarden.de\/en\/wp-json\/wp\/v2\/users\/3"}],"replies":[{"embeddable":true,"href":"https:\/\/oragarden.de\/en\/wp-json\/wp\/v2\/comments?post=23139"}],"wp:featuredmedia":[{"embeddable":true,"href":"https:\/\/oragarden.de\/en\/wp-json\/wp\/v2\/media\/23140"}],"wp:attachment":[{"href":"https:\/\/oragarden.de\/en\/wp-json\/wp\/v2\/media?parent=23139"}],"wp:term":[{"taxonomy":"pwb-brand","embeddable":true,"href":"https:\/\/oragarden.de\/en\/wp-json\/wp\/v2\/pwb-brand?post=23139"},{"taxonomy":"product_cat","embeddable":true,"href":"https:\/\/oragarden.de\/en\/wp-json\/wp\/v2\/product_cat?post=23139"},{"taxonomy":"product_tag","embeddable":true,"href":"https:\/\/oragarden.de\/en\/wp-json\/wp\/v2\/product_tag?post=23139"}],"curies":[{"name":"wp","href":"https:\/\/api.w.org\/{rel}","templated":true}]}}