{"id":23112,"date":"2023-06-14T13:08:20","date_gmt":"2023-06-14T14:08:20","guid":{"rendered":"https:\/\/oragarden.de\/product\/hy-pe-hortensie-ball-rosa-45-cm-o-23-cm\/"},"modified":"2025-10-24T13:12:49","modified_gmt":"2025-10-24T14:12:49","slug":"hy-pe-hortensie-ball-rosa-45-cm-o-23-cm","status":"publish","type":"product","link":"https:\/\/oragarden.de\/en\/product\/hy-pe-hortensie-ball-rosa-45-cm-o-23-cm\/","title":{"rendered":"Hy-Pe Hortensie &#8216;Ball&#8217; Rosa &#8211; 45 cm, \u00d8 23 cm"},"content":{"rendered":"Dies ist eine klassische Hortensie. Ein anderer Name f\u00fcr eine Hortensie ist Hydrangea. Diese Pflanze wird auch Bauernhortensie genannt, weil diese Art von Hortensie urspr\u00fcnglich in der N\u00e4he von Bauernh\u00f6fen gepflanzt wurde. Die Pflanze ist leicht zu pflegen.","protected":false},"excerpt":{"rendered":"<p>Dies ist eine klassische Hortensie. Ein anderer Name f\u00fcr eine Hortensie ist Hydrangea. Diese Pflanze wird auch Bauernhortensie genannt, weil diese Art von Hortensie urspr\u00fcnglich in der N\u00e4he von Bauernh\u00f6fen gepflanzt wurde. Die Pflanze ist leicht zu pflegen.<\/p>\n","protected":false},"author":3,"featured_media":23113,"comment_status":"closed","ping_status":"closed","template":"","meta":{"inline_featured_image":false},"pwb-brand":[4047],"product_cat":[4000,5219,4037,4048,4036],"product_tag":[],"class_list":{"0":"post-23112","1":"product","2":"type-product","3":"status-publish","4":"has-post-thumbnail","6":"pwb-brand-hy-pe","7":"product_cat-cat-pflanzen","8":"product_cat-cat-bluhende-straucher","9":"product_cat-cat-gartenpflanzen","10":"product_cat-cat-hortensien","11":"product_cat-cat-zimmerpflanzen","13":"first","14":"outofstock","15":"sale","16":"taxable","17":"shipping-taxable","18":"purchasable","19":"product-type-simple"},"acf":[],"gtin":"8720589522138","brands":[{"id":4047,"name":"Hy-Pe","slug":"hy-pe"}],"_links":{"self":[{"href":"https:\/\/oragarden.de\/en\/wp-json\/wp\/v2\/product\/23112","targetHints":{"allow":["GET"]}}],"collection":[{"href":"https:\/\/oragarden.de\/en\/wp-json\/wp\/v2\/product"}],"about":[{"href":"https:\/\/oragarden.de\/en\/wp-json\/wp\/v2\/types\/product"}],"author":[{"embeddable":true,"href":"https:\/\/oragarden.de\/en\/wp-json\/wp\/v2\/users\/3"}],"replies":[{"embeddable":true,"href":"https:\/\/oragarden.de\/en\/wp-json\/wp\/v2\/comments?post=23112"}],"wp:featuredmedia":[{"embeddable":true,"href":"https:\/\/oragarden.de\/en\/wp-json\/wp\/v2\/media\/23113"}],"wp:attachment":[{"href":"https:\/\/oragarden.de\/en\/wp-json\/wp\/v2\/media?parent=23112"}],"wp:term":[{"taxonomy":"pwb-brand","embeddable":true,"href":"https:\/\/oragarden.de\/en\/wp-json\/wp\/v2\/pwb-brand?post=23112"},{"taxonomy":"product_cat","embeddable":true,"href":"https:\/\/oragarden.de\/en\/wp-json\/wp\/v2\/product_cat?post=23112"},{"taxonomy":"product_tag","embeddable":true,"href":"https:\/\/oragarden.de\/en\/wp-json\/wp\/v2\/product_tag?post=23112"}],"curies":[{"name":"wp","href":"https:\/\/api.w.org\/{rel}","templated":true}]}}