{"id":23072,"date":"2023-06-14T13:03:28","date_gmt":"2023-06-14T14:03:28","guid":{"rendered":"https:\/\/oragarden.de\/product\/hy-pe-hortensie-campino-blau-40-cm-o-14-cm\/"},"modified":"2025-10-24T13:12:46","modified_gmt":"2025-10-24T14:12:46","slug":"hy-pe-hortensie-campino-blau-40-cm-o-14-cm","status":"publish","type":"product","link":"https:\/\/oragarden.de\/en\/product\/hy-pe-hortensie-campino-blau-40-cm-o-14-cm\/","title":{"rendered":"Hy-Pe Hortensie &#8216;Campino&#8217; Blau &#8211; 40 cm, \u00d8 14 cm"},"content":{"rendered":"Die Campino ist eine Hortensie. Die Campino zeichnet sich durch ihre ungew\u00f6hnlichen Bl\u00fctenbl\u00e4tter aus. Diese sind zweifarbig. Die Campino bl\u00fcht von April bis August und ist sehr pflegeleicht.","protected":false},"excerpt":{"rendered":"<p>Die Campino ist eine Hortensie. Die Campino zeichnet sich durch ihre ungew\u00f6hnlichen Bl\u00fctenbl\u00e4tter aus. Diese sind zweifarbig. Die Campino bl\u00fcht von April bis August und ist sehr pflegeleicht.<\/p>\n","protected":false},"author":3,"featured_media":23073,"comment_status":"closed","ping_status":"closed","template":"","meta":{"inline_featured_image":false},"pwb-brand":[4047],"product_cat":[4000,5219,4037,4048,4036],"product_tag":[],"class_list":{"0":"post-23072","1":"product","2":"type-product","3":"status-publish","4":"has-post-thumbnail","6":"pwb-brand-hy-pe","7":"product_cat-cat-pflanzen","8":"product_cat-cat-bluhende-straucher","9":"product_cat-cat-gartenpflanzen","10":"product_cat-cat-hortensien","11":"product_cat-cat-zimmerpflanzen","13":"first","14":"outofstock","15":"sale","16":"taxable","17":"shipping-taxable","18":"purchasable","19":"product-type-simple"},"acf":[],"gtin":"8720589522091","brands":[{"id":4047,"name":"Hy-Pe","slug":"hy-pe"}],"_links":{"self":[{"href":"https:\/\/oragarden.de\/en\/wp-json\/wp\/v2\/product\/23072","targetHints":{"allow":["GET"]}}],"collection":[{"href":"https:\/\/oragarden.de\/en\/wp-json\/wp\/v2\/product"}],"about":[{"href":"https:\/\/oragarden.de\/en\/wp-json\/wp\/v2\/types\/product"}],"author":[{"embeddable":true,"href":"https:\/\/oragarden.de\/en\/wp-json\/wp\/v2\/users\/3"}],"replies":[{"embeddable":true,"href":"https:\/\/oragarden.de\/en\/wp-json\/wp\/v2\/comments?post=23072"}],"wp:featuredmedia":[{"embeddable":true,"href":"https:\/\/oragarden.de\/en\/wp-json\/wp\/v2\/media\/23073"}],"wp:attachment":[{"href":"https:\/\/oragarden.de\/en\/wp-json\/wp\/v2\/media?parent=23072"}],"wp:term":[{"taxonomy":"pwb-brand","embeddable":true,"href":"https:\/\/oragarden.de\/en\/wp-json\/wp\/v2\/pwb-brand?post=23072"},{"taxonomy":"product_cat","embeddable":true,"href":"https:\/\/oragarden.de\/en\/wp-json\/wp\/v2\/product_cat?post=23072"},{"taxonomy":"product_tag","embeddable":true,"href":"https:\/\/oragarden.de\/en\/wp-json\/wp\/v2\/product_tag?post=23072"}],"curies":[{"name":"wp","href":"https:\/\/api.w.org\/{rel}","templated":true}]}}