{"id":23066,"date":"2023-06-14T13:02:35","date_gmt":"2023-06-14T14:02:35","guid":{"rendered":"https:\/\/oragarden.de\/product\/hy-pe-hortensie-double-dutch-rosa-40-cm-o-14-cm\/"},"modified":"2025-10-24T13:12:46","modified_gmt":"2025-10-24T14:12:46","slug":"hy-pe-hortensie-double-dutch-rosa-40-cm-o-14-cm","status":"publish","type":"product","link":"https:\/\/oragarden.de\/en\/product\/hy-pe-hortensie-double-dutch-rosa-40-cm-o-14-cm\/","title":{"rendered":"Hy-Pe Hortensie &#8216;Double Dutch&#8217; Rosa &#8211; 40 cm,  \u00d8 14 cm"},"content":{"rendered":"Die Double Dutch ist eine wundersch\u00f6ne Hortensie. Double Dutch zeichnet sich durch ihre sternf\u00f6rmigen Bl\u00fcten aus. Die Pflanze bl\u00fcht von Februar bis Juni und ist sehr pflegeleicht. Diese Zimmerpflanze ist eine wertvolle Bereicherung f\u00fcr Ihr Zuhause.","protected":false},"excerpt":{"rendered":"<p>Die Double Dutch ist eine wundersch\u00f6ne Hortensie. Double Dutch zeichnet sich durch ihre sternf\u00f6rmigen Bl\u00fcten aus. Die Pflanze bl\u00fcht von Februar bis Juni und ist sehr pflegeleicht. Diese Zimmerpflanze ist eine wertvolle Bereicherung f\u00fcr Ihr Zuhause.<\/p>\n","protected":false},"author":3,"featured_media":23067,"comment_status":"closed","ping_status":"closed","template":"","meta":{"inline_featured_image":false},"pwb-brand":[4047],"product_cat":[4000,5219,4037,4048,4036],"product_tag":[],"class_list":{"0":"post-23066","1":"product","2":"type-product","3":"status-publish","4":"has-post-thumbnail","6":"pwb-brand-hy-pe","7":"product_cat-cat-pflanzen","8":"product_cat-cat-bluhende-straucher","9":"product_cat-cat-gartenpflanzen","10":"product_cat-cat-hortensien","11":"product_cat-cat-zimmerpflanzen","13":"first","14":"outofstock","15":"sale","16":"taxable","17":"shipping-taxable","18":"purchasable","19":"product-type-simple"},"acf":[],"gtin":"8720589522220","brands":[{"id":4047,"name":"Hy-Pe","slug":"hy-pe"}],"_links":{"self":[{"href":"https:\/\/oragarden.de\/en\/wp-json\/wp\/v2\/product\/23066","targetHints":{"allow":["GET"]}}],"collection":[{"href":"https:\/\/oragarden.de\/en\/wp-json\/wp\/v2\/product"}],"about":[{"href":"https:\/\/oragarden.de\/en\/wp-json\/wp\/v2\/types\/product"}],"author":[{"embeddable":true,"href":"https:\/\/oragarden.de\/en\/wp-json\/wp\/v2\/users\/3"}],"replies":[{"embeddable":true,"href":"https:\/\/oragarden.de\/en\/wp-json\/wp\/v2\/comments?post=23066"}],"wp:featuredmedia":[{"embeddable":true,"href":"https:\/\/oragarden.de\/en\/wp-json\/wp\/v2\/media\/23067"}],"wp:attachment":[{"href":"https:\/\/oragarden.de\/en\/wp-json\/wp\/v2\/media?parent=23066"}],"wp:term":[{"taxonomy":"pwb-brand","embeddable":true,"href":"https:\/\/oragarden.de\/en\/wp-json\/wp\/v2\/pwb-brand?post=23066"},{"taxonomy":"product_cat","embeddable":true,"href":"https:\/\/oragarden.de\/en\/wp-json\/wp\/v2\/product_cat?post=23066"},{"taxonomy":"product_tag","embeddable":true,"href":"https:\/\/oragarden.de\/en\/wp-json\/wp\/v2\/product_tag?post=23066"}],"curies":[{"name":"wp","href":"https:\/\/api.w.org\/{rel}","templated":true}]}}