{"id":23013,"date":"2023-06-14T12:16:41","date_gmt":"2023-06-14T13:16:41","guid":{"rendered":"https:\/\/oragarden.de\/product\/xxl-plants-bananenpflanze-150cm-o30-cm\/"},"modified":"2025-10-24T13:12:40","modified_gmt":"2025-10-24T14:12:40","slug":"xxl-plants-bananenpflanze-150cm-o30-cm","status":"publish","type":"product","link":"https:\/\/oragarden.de\/en\/product\/xxl-plants-bananenpflanze-150cm-o30-cm\/","title":{"rendered":"Xxl Plants Bananenpflanze &#8211; 150cm, \u00d830 cm"},"content":{"rendered":"Was f\u00fcr eine coole Bananenpflanze das ist! Verwandeln Sie Ihr Wohnzimmer auf einen Schlag in ein tropisches Paradies mit diesem Schmuckst\u00fcck unter den gr\u00fcnen Zimmerpflanzen. Die Bananenpflanze, auch bekannt als Musa, ist perfekt f\u00fcr echte Pflanzenliebhaber. Schlie\u00dflich braucht diese Zimmerpflanze ein wenig mehr Pflege als der durchschnittliche gr\u00fcne Freund. Die Bananenpflanze stammt aus den Tropen und liebt daher einen guten Schluck Wasser. Geben Sie ihm einmal pro Woche ausreichend Wasser. Achten Sie darauf, dass die Wurzeln nicht untergetaucht werden! Der Standort einer Bananenstaude ist sehr wichtig! Die Musa liebt die Sonne. Stellen Sie diese gro\u00dfe Zimmerpflanze an einen warmen und sonnigen Ort.","protected":false},"excerpt":{"rendered":"<p>Was f\u00fcr eine coole Bananenpflanze das ist! Verwandeln Sie Ihr Wohnzimmer auf einen Schlag in ein tropisches Paradies mit diesem Schmuckst\u00fcck unter den gr\u00fcnen Zimmerpflanzen. Die Bananenpflanze, auch bekannt als Musa, ist perfekt f\u00fcr echte Pflanzenliebhaber. Schlie\u00dflich braucht diese Zimmerpflanze ein wenig mehr Pflege als der durchschnittliche gr\u00fcne Freund. Die Bananenpflanze stammt aus den Tropen [&hellip;]<\/p>\n","protected":false},"author":3,"featured_media":23014,"comment_status":"closed","ping_status":"closed","template":"","meta":{"inline_featured_image":false},"pwb-brand":[4056],"product_cat":[4000,5114,4036],"product_tag":[],"class_list":{"0":"post-23013","1":"product","2":"type-product","3":"status-publish","4":"has-post-thumbnail","6":"pwb-brand-xxl-plants","7":"product_cat-cat-pflanzen","8":"product_cat-cat-bananenpflanzen","9":"product_cat-cat-zimmerpflanzen","11":"first","12":"outofstock","13":"sale","14":"taxable","15":"shipping-taxable","16":"purchasable","17":"product-type-simple"},"acf":[],"gtin":"8720195207153","brands":[{"id":4056,"name":"Xxl Plants","slug":"xxl-plants"}],"_links":{"self":[{"href":"https:\/\/oragarden.de\/en\/wp-json\/wp\/v2\/product\/23013","targetHints":{"allow":["GET"]}}],"collection":[{"href":"https:\/\/oragarden.de\/en\/wp-json\/wp\/v2\/product"}],"about":[{"href":"https:\/\/oragarden.de\/en\/wp-json\/wp\/v2\/types\/product"}],"author":[{"embeddable":true,"href":"https:\/\/oragarden.de\/en\/wp-json\/wp\/v2\/users\/3"}],"replies":[{"embeddable":true,"href":"https:\/\/oragarden.de\/en\/wp-json\/wp\/v2\/comments?post=23013"}],"wp:featuredmedia":[{"embeddable":true,"href":"https:\/\/oragarden.de\/en\/wp-json\/wp\/v2\/media\/23014"}],"wp:attachment":[{"href":"https:\/\/oragarden.de\/en\/wp-json\/wp\/v2\/media?parent=23013"}],"wp:term":[{"taxonomy":"pwb-brand","embeddable":true,"href":"https:\/\/oragarden.de\/en\/wp-json\/wp\/v2\/pwb-brand?post=23013"},{"taxonomy":"product_cat","embeddable":true,"href":"https:\/\/oragarden.de\/en\/wp-json\/wp\/v2\/product_cat?post=23013"},{"taxonomy":"product_tag","embeddable":true,"href":"https:\/\/oragarden.de\/en\/wp-json\/wp\/v2\/product_tag?post=23013"}],"curies":[{"name":"wp","href":"https:\/\/api.w.org\/{rel}","templated":true}]}}