{"id":22766,"date":"2023-10-30T15:21:23","date_gmt":"2023-10-30T16:21:23","guid":{"rendered":"https:\/\/oragarden.de\/?post_type=product&#038;p=22766"},"modified":"2025-10-24T13:12:32","modified_gmt":"2025-10-24T14:12:32","slug":"sperli-blumensamen-mischung-bluetenmeer-fuer-nuetzlinge","status":"publish","type":"product","link":"https:\/\/oragarden.de\/en\/product\/sperli-blumensamen-mischung-bluetenmeer-fuer-nuetzlinge\/","title":{"rendered":"Sperli Blumensamen-Mischung Bl\u00fctenmeer f\u00fcr N\u00fctzlinge"},"content":{"rendered":"<p class=\"qtranxs-available-languages-message qtranxs-available-languages-message-en\">Sorry, this entry is only available in <a href=\"https:\/\/oragarden.de\/de\/wp-json\/wp\/v2\/product\/22766\" class=\"qtranxs-available-language-link qtranxs-available-language-link-de\" title=\"DE\">DE<\/a>.<\/p>","protected":false},"excerpt":{"rendered":"<p>Sorry, this entry is only available in DE.<\/p>\n","protected":false},"author":466,"featured_media":22771,"comment_status":"open","ping_status":"closed","template":"","meta":{"inline_featured_image":false},"pwb-brand":[5626],"product_cat":[3975,194],"product_tag":[],"class_list":{"0":"post-22766","1":"product","2":"type-product","3":"status-publish","4":"has-post-thumbnail","6":"pwb-brand-sperli","7":"product_cat-cat-blumensamenmischung","8":"product_cat-cat-insektenwiese","10":"first","11":"outofstock","12":"sale","13":"taxable","14":"shipping-taxable","15":"purchasable","16":"product-type-simple"},"acf":[],"gtin":"4001523880403","brands":[{"id":5626,"name":"Sperli","slug":"sperli"}],"_links":{"self":[{"href":"https:\/\/oragarden.de\/en\/wp-json\/wp\/v2\/product\/22766","targetHints":{"allow":["GET"]}}],"collection":[{"href":"https:\/\/oragarden.de\/en\/wp-json\/wp\/v2\/product"}],"about":[{"href":"https:\/\/oragarden.de\/en\/wp-json\/wp\/v2\/types\/product"}],"author":[{"embeddable":true,"href":"https:\/\/oragarden.de\/en\/wp-json\/wp\/v2\/users\/466"}],"replies":[{"embeddable":true,"href":"https:\/\/oragarden.de\/en\/wp-json\/wp\/v2\/comments?post=22766"}],"wp:featuredmedia":[{"embeddable":true,"href":"https:\/\/oragarden.de\/en\/wp-json\/wp\/v2\/media\/22771"}],"wp:attachment":[{"href":"https:\/\/oragarden.de\/en\/wp-json\/wp\/v2\/media?parent=22766"}],"wp:term":[{"taxonomy":"pwb-brand","embeddable":true,"href":"https:\/\/oragarden.de\/en\/wp-json\/wp\/v2\/pwb-brand?post=22766"},{"taxonomy":"product_cat","embeddable":true,"href":"https:\/\/oragarden.de\/en\/wp-json\/wp\/v2\/product_cat?post=22766"},{"taxonomy":"product_tag","embeddable":true,"href":"https:\/\/oragarden.de\/en\/wp-json\/wp\/v2\/product_tag?post=22766"}],"curies":[{"name":"wp","href":"https:\/\/api.w.org\/{rel}","templated":true}]}}