{"id":21835,"date":"2023-10-26T20:34:18","date_gmt":"2023-10-26T21:34:18","guid":{"rendered":"https:\/\/oragarden.de\/?post_type=product&#038;p=21835"},"modified":"2026-01-14T07:21:28","modified_gmt":"2026-01-14T08:21:28","slug":"compo-bio-grunpflanzen-und-palmendunger-flussig-0-5-liter","status":"publish","type":"product","link":"https:\/\/oragarden.de\/en\/product\/compo-bio-grunpflanzen-und-palmendunger-flussig-0-5-liter\/","title":{"rendered":"COMPO BIO Gr\u00fcnpflanzen- und Palmend\u00fcnger fl\u00fcssig 0.5 Liter"},"content":{"rendered":"<p class=\"qtranxs-available-languages-message qtranxs-available-languages-message-en\">Sorry, this entry is only available in <a href=\"https:\/\/oragarden.de\/de\/wp-json\/wp\/v2\/product\/21835\" class=\"qtranxs-available-language-link qtranxs-available-language-link-de\" title=\"DE\">DE<\/a>.<\/p>","protected":false},"excerpt":{"rendered":"<p>Sorry, this entry is only available in DE.<\/p>\n","protected":false},"author":3,"featured_media":21852,"comment_status":"open","ping_status":"closed","template":"","meta":{"inline_featured_image":false},"pwb-brand":[5672],"product_cat":[1215,1219,213,1210,1213],"product_tag":[5913,4103,4099,4107,4106],"class_list":{"0":"post-21835","1":"product","2":"type-product","3":"status-publish","4":"has-post-thumbnail","6":"pwb-brand-compo","7":"product_cat-cat-balkon-und-kubelpflanzendunger","8":"product_cat-cat-mineralischer-dunger","9":"product_cat-cat-organische-dunger","10":"product_cat-cat-pflanzendunger","11":"product_cat-cat-zimmerpflanzendunger","12":"product_tag-compo-dunger","13":"product_tag-flussigdunger","14":"product_tag-npk-dunger","15":"product_tag-phosphordunger","16":"product_tag-stickstoffdunger","18":"first","19":"outofstock","20":"sale","21":"taxable","22":"shipping-taxable","23":"purchasable","24":"product-type-simple"},"acf":[],"gtin":"4008398168292","brands":[{"id":5672,"name":"Compo","slug":"compo"}],"_links":{"self":[{"href":"https:\/\/oragarden.de\/en\/wp-json\/wp\/v2\/product\/21835","targetHints":{"allow":["GET"]}}],"collection":[{"href":"https:\/\/oragarden.de\/en\/wp-json\/wp\/v2\/product"}],"about":[{"href":"https:\/\/oragarden.de\/en\/wp-json\/wp\/v2\/types\/product"}],"author":[{"embeddable":true,"href":"https:\/\/oragarden.de\/en\/wp-json\/wp\/v2\/users\/3"}],"replies":[{"embeddable":true,"href":"https:\/\/oragarden.de\/en\/wp-json\/wp\/v2\/comments?post=21835"}],"wp:featuredmedia":[{"embeddable":true,"href":"https:\/\/oragarden.de\/en\/wp-json\/wp\/v2\/media\/21852"}],"wp:attachment":[{"href":"https:\/\/oragarden.de\/en\/wp-json\/wp\/v2\/media?parent=21835"}],"wp:term":[{"taxonomy":"pwb-brand","embeddable":true,"href":"https:\/\/oragarden.de\/en\/wp-json\/wp\/v2\/pwb-brand?post=21835"},{"taxonomy":"product_cat","embeddable":true,"href":"https:\/\/oragarden.de\/en\/wp-json\/wp\/v2\/product_cat?post=21835"},{"taxonomy":"product_tag","embeddable":true,"href":"https:\/\/oragarden.de\/en\/wp-json\/wp\/v2\/product_tag?post=21835"}],"curies":[{"name":"wp","href":"https:\/\/api.w.org\/{rel}","templated":true}]}}