{"id":1818,"date":"2022-10-10T07:28:14","date_gmt":"2022-10-10T07:28:14","guid":{"rendered":"https:\/\/oragarden.de\/?post_type=product&#038;p=1818"},"modified":"2026-01-14T07:31:54","modified_gmt":"2026-01-14T08:31:54","slug":"heckenkraft-1-heckendunger-fruhling-1-liter-mit-dungerspritze","status":"publish","type":"product","link":"https:\/\/oragarden.de\/en\/product\/heckenkraft-1-heckendunger-fruhling-1-liter-mit-dungerspritze\/","title":{"rendered":"Heckenkraft 1 Heckend\u00fcnger Fr\u00fchling 1 Liter mit D\u00fcngerspritze + Bodenbakterie-Pro"},"content":{"rendered":"<p class=\"qtranxs-available-languages-message qtranxs-available-languages-message-en\">Sorry, this entry is only available in <a href=\"https:\/\/oragarden.de\/de\/wp-json\/wp\/v2\/product\/1818\" class=\"qtranxs-available-language-link qtranxs-available-language-link-de\" title=\"DE\">DE<\/a>.<\/p>","protected":false},"excerpt":{"rendered":"<p>Sorry, this entry is only available in DE.<\/p>\n","protected":false},"author":17,"featured_media":20528,"comment_status":"open","ping_status":"closed","template":"","meta":{"inline_featured_image":false},"pwb-brand":[583],"product_cat":[1212,213,1210,1203],"product_tag":[4111,4103,4112,4110,4104,4113],"class_list":{"0":"post-1818","1":"product","2":"type-product","3":"status-publish","4":"has-post-thumbnail","6":"pwb-brand-heckenkraft","7":"product_cat-cat-heckendunger","8":"product_cat-cat-organische-dunger","9":"product_cat-cat-pflanzendunger","10":"product_cat-cat-rasendunger","11":"product_tag-bio-langzeitduenger","12":"product_tag-flussigdunger","13":"product_tag-fluessiger-rasenduenger","14":"product_tag-langzeitduenger","15":"product_tag-pulverdunger","16":"product_tag-rasen-langzeitduenger","18":"first","19":"outofstock","20":"taxable","21":"shipping-taxable","22":"purchasable","23":"product-type-simple"},"acf":[],"gtin":"4262391386521","brands":[{"id":583,"name":"Heckenkraft","slug":"heckenkraft"}],"_links":{"self":[{"href":"https:\/\/oragarden.de\/en\/wp-json\/wp\/v2\/product\/1818","targetHints":{"allow":["GET"]}}],"collection":[{"href":"https:\/\/oragarden.de\/en\/wp-json\/wp\/v2\/product"}],"about":[{"href":"https:\/\/oragarden.de\/en\/wp-json\/wp\/v2\/types\/product"}],"author":[{"embeddable":true,"href":"https:\/\/oragarden.de\/en\/wp-json\/wp\/v2\/users\/17"}],"replies":[{"embeddable":true,"href":"https:\/\/oragarden.de\/en\/wp-json\/wp\/v2\/comments?post=1818"}],"wp:featuredmedia":[{"embeddable":true,"href":"https:\/\/oragarden.de\/en\/wp-json\/wp\/v2\/media\/20528"}],"wp:attachment":[{"href":"https:\/\/oragarden.de\/en\/wp-json\/wp\/v2\/media?parent=1818"}],"wp:term":[{"taxonomy":"pwb-brand","embeddable":true,"href":"https:\/\/oragarden.de\/en\/wp-json\/wp\/v2\/pwb-brand?post=1818"},{"taxonomy":"product_cat","embeddable":true,"href":"https:\/\/oragarden.de\/en\/wp-json\/wp\/v2\/product_cat?post=1818"},{"taxonomy":"product_tag","embeddable":true,"href":"https:\/\/oragarden.de\/en\/wp-json\/wp\/v2\/product_tag?post=1818"}],"curies":[{"name":"wp","href":"https:\/\/api.w.org\/{rel}","templated":true}]}}