{"id":1149,"date":"2022-08-15T22:06:27","date_gmt":"2022-08-15T23:06:27","guid":{"rendered":"http:\/\/dev.oragarden.de\/?post_type=product&#038;p=1149"},"modified":"2026-03-16T21:04:43","modified_gmt":"2026-03-16T22:04:43","slug":"oragarden-flussiger-bio-wurmdunger-500-ml","status":"publish","type":"product","link":"https:\/\/oragarden.de\/en\/product\/oragarden-flussiger-bio-wurmdunger-500-ml\/","title":{"rendered":"OraGarden D\u00fcngermann fl\u00fcssiger Bio-Wurmd\u00fcnger 500 ml"},"content":{"rendered":"<p class=\"qtranxs-available-languages-message qtranxs-available-languages-message-en\">Sorry, this entry is only available in <a href=\"https:\/\/oragarden.de\/de\/wp-json\/wp\/v2\/product\/1149\" class=\"qtranxs-available-language-link qtranxs-available-language-link-de\" title=\"DE\">DE<\/a>.<\/p>","protected":false},"excerpt":{"rendered":"<p>Sorry, this entry is only available in DE.<\/p>\n","protected":false},"author":3,"featured_media":2010,"comment_status":"open","ping_status":"closed","template":"","meta":{"inline_featured_image":false},"pwb-brand":[34,301],"product_cat":[1215,1206,1205,1211,1208,6838,1212,1207,213,1210,1203,1216,1204,1213,1214],"product_tag":[4103,4112,2297],"class_list":{"0":"post-1149","1":"product","2":"type-product","3":"status-publish","4":"has-post-thumbnail","6":"pwb-brand-oragarden","7":"pwb-brand-oragarden-dungermann","8":"product_cat-cat-balkon-und-kubelpflanzendunger","9":"product_cat-cat-beeren-obstdunger","10":"product_cat-cat-blumendunger","11":"product_cat-cat-bodenaktivator","12":"product_cat-cat-gemusedunger","13":"product_cat-cat-hanf-cannabis-dunger","14":"product_cat-cat-heckendunger","15":"product_cat-cat-krauterdunger","16":"product_cat-cat-organische-dunger","17":"product_cat-cat-pflanzendunger","18":"product_cat-cat-rasendunger","19":"product_cat-cat-tomatendunger","20":"product_cat-cat-universaldunger","21":"product_cat-cat-zimmerpflanzendunger","22":"product_cat-cat-zitruspflanzen-dunger","23":"product_tag-flussigdunger","24":"product_tag-fluessiger-rasenduenger","25":"product_tag-wurmdunger","27":"first","28":"outofstock","29":"sale","30":"taxable","31":"shipping-taxable","32":"purchasable","33":"product-type-simple"},"acf":[],"gtin":"4262391382028","brands":[{"id":34,"name":"Oragarden","slug":"oragarden"},{"id":301,"name":"OraGarden D\u00fcngermann","slug":"oragarden-dungermann"}],"_links":{"self":[{"href":"https:\/\/oragarden.de\/en\/wp-json\/wp\/v2\/product\/1149","targetHints":{"allow":["GET"]}}],"collection":[{"href":"https:\/\/oragarden.de\/en\/wp-json\/wp\/v2\/product"}],"about":[{"href":"https:\/\/oragarden.de\/en\/wp-json\/wp\/v2\/types\/product"}],"author":[{"embeddable":true,"href":"https:\/\/oragarden.de\/en\/wp-json\/wp\/v2\/users\/3"}],"replies":[{"embeddable":true,"href":"https:\/\/oragarden.de\/en\/wp-json\/wp\/v2\/comments?post=1149"}],"wp:featuredmedia":[{"embeddable":true,"href":"https:\/\/oragarden.de\/en\/wp-json\/wp\/v2\/media\/2010"}],"wp:attachment":[{"href":"https:\/\/oragarden.de\/en\/wp-json\/wp\/v2\/media?parent=1149"}],"wp:term":[{"taxonomy":"pwb-brand","embeddable":true,"href":"https:\/\/oragarden.de\/en\/wp-json\/wp\/v2\/pwb-brand?post=1149"},{"taxonomy":"product_cat","embeddable":true,"href":"https:\/\/oragarden.de\/en\/wp-json\/wp\/v2\/product_cat?post=1149"},{"taxonomy":"product_tag","embeddable":true,"href":"https:\/\/oragarden.de\/en\/wp-json\/wp\/v2\/product_tag?post=1149"}],"curies":[{"name":"wp","href":"https:\/\/api.w.org\/{rel}","templated":true}]}}